{"id":114,"date":"2025-09-14T15:47:22","date_gmt":"2025-09-14T15:47:22","guid":{"rendered":"https:\/\/www.alexjapadel.fr\/?page_id=114"},"modified":"2025-09-14T17:43:41","modified_gmt":"2025-09-14T17:43:41","slug":"a-propos","status":"publish","type":"page","link":"https:\/\/www.alexjapadel.fr\/index.php\/a-propos\/","title":{"rendered":""},"content":{"rendered":"\t\t<div data-elementor-type=\"wp-page\" data-elementor-id=\"114\" class=\"elementor elementor-114\">\n\t\t\t\t<div class=\"elementor-element elementor-element-a1dc319 e-flex e-con-boxed e-con e-parent\" data-id=\"a1dc319\" data-element_type=\"container\">\n\t\t\t\t\t<div class=\"e-con-inner\">\n\t\t\t\t<div class=\"elementor-element elementor-element-8eea2c9 elementor-widget-divider--view-line elementor-widget elementor-widget-divider\" data-id=\"8eea2c9\" data-element_type=\"widget\" data-widget_type=\"divider.default\">\n\t\t\t\t\t\t\t<div class=\"elementor-divider\">\n\t\t\t<span class=\"elementor-divider-separator\">\n\t\t\t\t\t\t<\/span>\n\t\t<\/div>\n\t\t\t\t\t\t<\/div>\n\t\t\t\t\t<\/div>\n\t\t\t\t<\/div>\n\t\t<div class=\"elementor-element elementor-element-43ebdcd e-flex e-con-boxed e-con e-parent\" data-id=\"43ebdcd\" data-element_type=\"container\">\n\t\t\t\t\t<div class=\"e-con-inner\">\n\t\t\t\t<div class=\"elementor-element elementor-element-9147bc7 elementor-widget elementor-widget-heading\" data-id=\"9147bc7\" data-element_type=\"widget\" data-widget_type=\"heading.default\">\n\t\t\t\t\t<h2 class=\"elementor-heading-title elementor-size-default\">\u00c0 propos<\/h2>\t\t\t\t<\/div>\n\t\t\t\t\t<\/div>\n\t\t\t\t<\/div>\n\t\t<div class=\"elementor-element elementor-element-d662127 e-flex e-con-boxed e-con e-parent\" data-id=\"d662127\" data-element_type=\"container\">\n\t\t\t\t\t<div class=\"e-con-inner\">\n\t\t<div class=\"elementor-element elementor-element-ca48cbf e-con-full e-flex e-con e-child\" data-id=\"ca48cbf\" data-element_type=\"container\">\n\t\t\t\t<div class=\"elementor-element elementor-element-d152734 elementor-widget elementor-widget-text-editor\" data-id=\"d152734\" data-element_type=\"widget\" data-widget_type=\"text-editor.default\">\n\t\t\t\t\t\t\t\t\t<p><strong>Juge-Arbitre Padel (JAP1 \u2013 JAP2)<\/strong> | Organisation de tournois &amp; \u00e9v\u00e9nements entreprises | Team Head Padel<\/p><p>Passionn\u00e9 par le padel et son d\u00e9veloppement, j\u2019interviens sur les clubs <strong>Forest Hill Marnes-la-Coquette, La Ch\u00e2taigneraie et Padel AC<\/strong>.<br \/>\ud83d\udc49 J\u2019assure la <strong>pr\u00e9paration et l\u2019arbitrage de tournois officiels FFT<\/strong>, ainsi que la <strong>mise en place d\u2019\u00e9v\u00e9nements d\u00e9di\u00e9s aux entreprises<\/strong> (tournois \u00e0 th\u00e8me, montantes-descentes, animations conviviales).<\/p><p>\ud83c\udfbe Toujours anim\u00e9 par l\u2019envie de promouvoir le padel et de cr\u00e9er des exp\u00e9riences sportives f\u00e9d\u00e9ratrices.<\/p><p>Membre de la <strong>Team Head Padel<\/strong>.<\/p>\t\t\t\t\t\t\t\t<\/div>\n\t\t\t\t<\/div>\n\t\t<div class=\"elementor-element elementor-element-a4e609a e-con-full e-flex e-con e-child\" data-id=\"a4e609a\" data-element_type=\"container\">\n\t\t\t\t<div class=\"elementor-element elementor-element-477d553 elementor-widget__width-initial elementor-widget elementor-widget-image\" data-id=\"477d553\" data-element_type=\"widget\" data-widget_type=\"image.default\">\n\t\t\t\t\t\t\t\t\t\t\t\t\t\t\t<img fetchpriority=\"high\" decoding=\"async\" width=\"464\" height=\"538\" src=\"https:\/\/www.alexjapadel.fr\/wp-content\/uploads\/2025\/09\/AlexJAPadel_Logo-removebg-preview.png\" class=\"attachment-large size-large wp-image-157\" alt=\"\" srcset=\"https:\/\/www.alexjapadel.fr\/wp-content\/uploads\/2025\/09\/AlexJAPadel_Logo-removebg-preview.png 464w, https:\/\/www.alexjapadel.fr\/wp-content\/uploads\/2025\/09\/AlexJAPadel_Logo-removebg-preview-259x300.png 259w\" sizes=\"(max-width: 464px) 100vw, 464px\" \/>\t\t\t\t\t\t\t\t\t\t\t\t\t\t\t<\/div>\n\t\t\t\t<\/div>\n\t\t\t\t\t<\/div>\n\t\t\t\t<\/div>\n\t\t<div class=\"elementor-element elementor-element-1d30f4e e-flex e-con-boxed e-con e-parent\" data-id=\"1d30f4e\" data-element_type=\"container\">\n\t\t\t\t\t<div class=\"e-con-inner\">\n\t\t\t\t\t<\/div>\n\t\t\t\t<\/div>\n\t\t\t\t<\/div>\n\t\t","protected":false},"excerpt":{"rendered":"<p>\u00c0 propos Juge-Arbitre Padel (JAP1 \u2013 JAP2) | Organisation de tournois &amp; \u00e9v\u00e9nements entreprises | Team Head Padel Passionn\u00e9 par le padel et son d\u00e9veloppement, j\u2019interviens sur les clubs Forest [&hellip;]<\/p>\n","protected":false},"author":1,"featured_media":0,"parent":0,"menu_order":0,"comment_status":"closed","ping_status":"closed","template":"","meta":{"site-sidebar-layout":"no-sidebar","site-content-layout":"","ast-site-content-layout":"full-width-container","site-content-style":"default","site-sidebar-style":"default","ast-global-header-display":"","ast-banner-title-visibility":"","ast-main-header-display":"","ast-hfb-above-header-display":"","ast-hfb-below-header-display":"","ast-hfb-mobile-header-display":"","site-post-title":"","ast-breadcrumbs-content":"","ast-featured-img":"disabled","footer-sml-layout":"","theme-transparent-header-meta":"","adv-header-id-meta":"","stick-header-meta":"","header-above-stick-meta":"","header-main-stick-meta":"","header-below-stick-meta":"","astra-migrate-meta-layouts":"default","ast-page-background-enabled":"default","ast-page-background-meta":{"desktop":{"background-color":"var(--ast-global-color-5)","background-image":"","background-repeat":"repeat","background-position":"center center","background-size":"auto","background-attachment":"scroll","background-type":"","background-media":"","overlay-type":"","overlay-color":"","overlay-opacity":"","overlay-gradient":""},"tablet":{"background-color":"","background-image":"","background-repeat":"repeat","background-position":"center center","background-size":"auto","background-attachment":"scroll","background-type":"","background-media":"","overlay-type":"","overlay-color":"","overlay-opacity":"","overlay-gradient":""},"mobile":{"background-color":"","background-image":"","background-repeat":"repeat","background-position":"center center","background-size":"auto","background-attachment":"scroll","background-type":"","background-media":"","overlay-type":"","overlay-color":"","overlay-opacity":"","overlay-gradient":""}},"ast-content-background-meta":{"desktop":{"background-color":"var(--ast-global-color-4)","background-image":"","background-repeat":"repeat","background-position":"center center","background-size":"auto","background-attachment":"scroll","background-type":"","background-media":"","overlay-type":"","overlay-color":"","overlay-opacity":"","overlay-gradient":""},"tablet":{"background-color":"var(--ast-global-color-4)","background-image":"","background-repeat":"repeat","background-position":"center center","background-size":"auto","background-attachment":"scroll","background-type":"","background-media":"","overlay-type":"","overlay-color":"","overlay-opacity":"","overlay-gradient":""},"mobile":{"background-color":"var(--ast-global-color-4)","background-image":"","background-repeat":"repeat","background-position":"center center","background-size":"auto","background-attachment":"scroll","background-type":"","background-media":"","overlay-type":"","overlay-color":"","overlay-opacity":"","overlay-gradient":""}},"footnotes":""},"class_list":["post-114","page","type-page","status-publish","hentry"],"_links":{"self":[{"href":"https:\/\/www.alexjapadel.fr\/index.php\/wp-json\/wp\/v2\/pages\/114","targetHints":{"allow":["GET"]}}],"collection":[{"href":"https:\/\/www.alexjapadel.fr\/index.php\/wp-json\/wp\/v2\/pages"}],"about":[{"href":"https:\/\/www.alexjapadel.fr\/index.php\/wp-json\/wp\/v2\/types\/page"}],"author":[{"embeddable":true,"href":"https:\/\/www.alexjapadel.fr\/index.php\/wp-json\/wp\/v2\/users\/1"}],"replies":[{"embeddable":true,"href":"https:\/\/www.alexjapadel.fr\/index.php\/wp-json\/wp\/v2\/comments?post=114"}],"version-history":[{"count":21,"href":"https:\/\/www.alexjapadel.fr\/index.php\/wp-json\/wp\/v2\/pages\/114\/revisions"}],"predecessor-version":[{"id":179,"href":"https:\/\/www.alexjapadel.fr\/index.php\/wp-json\/wp\/v2\/pages\/114\/revisions\/179"}],"wp:attachment":[{"href":"https:\/\/www.alexjapadel.fr\/index.php\/wp-json\/wp\/v2\/media?parent=114"}],"curies":[{"name":"wp","href":"https:\/\/api.w.org\/{rel}","templated":true}]}}